{"id":136,"date":"2019-04-01T18:04:04","date_gmt":"2019-04-01T18:04:04","guid":{"rendered":"http:\/\/luz.lublin.pl\/?page_id=136"},"modified":"2026-03-30T10:06:38","modified_gmt":"2026-03-30T10:06:38","slug":"cennik","status":"publish","type":"page","link":"https:\/\/luz.lublin.pl\/index.php\/cennik\/","title":{"rendered":"Cennik"},"content":{"rendered":"\t\t<div data-elementor-type=\"post\" data-elementor-id=\"136\" class=\"elementor elementor-136\" data-elementor-settings=\"[]\">\n\t\t\t<div class=\"elementor-inner\">\n\t\t\t\t<div class=\"elementor-section-wrap\">\n\t\t\t\t\t\t\t<section class=\"elementor-element elementor-element-48388fb elementor-section-boxed elementor-section-height-default elementor-section-height-default elementor-section elementor-top-section\" data-id=\"48388fb\" data-element_type=\"section\">\n\t\t\t\t\t\t<div class=\"elementor-container elementor-column-gap-default\">\n\t\t\t\t<div class=\"elementor-row\">\n\t\t\t\t<div class=\"elementor-element elementor-element-cb7263a elementor-column elementor-col-100 elementor-top-column\" data-id=\"cb7263a\" data-element_type=\"column\">\n\t\t\t<div class=\"elementor-column-wrap  elementor-element-populated\">\n\t\t\t\t\t<div class=\"elementor-widget-wrap\">\n\t\t\t\t<div class=\"elementor-element elementor-element-9591da2 elementor-widget elementor-widget-html\" data-id=\"9591da2\" data-element_type=\"widget\" data-widget_type=\"html.default\">\n\t\t\t\t<div class=\"elementor-widget-container\">\n\t\t\t\n<h3>Cennik obowi\u0105zuje od 30.03.2026r<\/h3>\n<table class=\"dcf-table dcf-table-responsive dcf-table-bordered dcf-table-striped dcf-w-100%\">\n\t\n\t<thead>\n\t\t<tr>\n\t\t\t<th scope=\"col\">KATEGORIA<\/th>\n\t\t\t<th scope=\"col\">TEORIA<\/th>\n\t\t\t<th scope=\"col\">PRAKTYKA<\/th>\n\t\t\t<th scope=\"col\">CENA<\/th>\n\t\t\t<th scope=\"col\">JAZDY DOSZKALAJ\u0104CE<\/th>\n\t\t<\/tr>\n\t<\/thead>\n\t<tbody>\n\t\t<tr>\n\t\t\t<th scope=\"row\">B <\/th>\n\t\t\t<td data-label=\"TEORIA\">30h<\/td>\n\t\t\t<td data-label=\"PRAKTYKA\">30h\n<\/td>\n\t\t\t<td data-label=\"CENA\">3700 z\u0142*\n<\/td>\n\t\t\t<td data-label=\"JAZDY DOSZKALAJ\u0104CE\">120 z\u0142 \/ 130 z\u0142\n<\/td>\n\t\t<\/tr>\n\t\t<tr>\n\t\t\t<th scope=\"row\"> B + E<\/th>\n\t\t\t<td data-label=\"TEORIA\">0h<\/td>\n\t\t\t<td data-label=\"PRAKTYKA\">15h<\/td>\n\t\t\t<td data-label=\"CENA\">2000 z\u0142*<\/td>\n\t\t\t<td data-label=\"JAZDY DOSZKALAJ\u0104CE\">130 z\u0142<\/td>\n\t\t<\/tr>\t\t\n\t\t<tr>\n\t\t\t<th scope=\"row\"> B (z B1)<\/th>\n\t\t\t<td data-label=\"TEORIA\">0h<\/td>\n\t\t\t<td data-label=\"PRAKTYKA\">20h<\/td>\n\t\t\t<td data-label=\"CENA\">2700 z\u0142*<\/td>\n\t\t\t<td data-label=\"JAZDY DOSZKALAJ\u0104CE\">-<\/td>\n\t\t<\/tr>\n\t\t<tr>\n\t\t\t<th scope=\"row\">AM<\/th>\n\t\t\t<td data-label=\"TEORIA\">30h<\/td>\n\t\t\t<td data-label=\"PRAKTYKA\">10h<\/td>\n\t\t\t<td data-label=\"CENA\">2000 z\u0142*<\/td>\n\t\t\t<td data-label=\"JAZDY DOSZKALAJ\u0104CE\">140 z\u0142<\/td>\n\t\t<\/tr>\n\t\t<tr>\n\t\t\t<th scope=\"row\">A1<\/th>\n\t\t\t<td data-label=\"TEORIA\">30h<\/td>\n\t\t\t<td data-label=\"PRAKTYKA\">20h<\/td>\n\t\t\t<td data-label=\"CENA\">3200 z\u0142*<\/td>\n\t\t\t<td data-label=\"JAZDY DOSZKALAJ\u0104CE\">150 z\u0142<\/td>\n\t\t<\/tr>\n\t\t<tr>\n\t\t\t<th scope=\"row\">A2<\/th>\n\t\t\t<td data-label=\"TEORIA\">30h<\/td>\n\t\t\t<td data-label=\"PRAKTYKA\">20h<\/td>\n\t\t\t<td data-label=\"CENA\">3600 z\u0142*<\/td>\n\t\t\t<td data-label=\"JAZDY DOSZKALAJ\u0104CE\">170 z\u0142<\/td>\n\t\t<\/tr>\n\t\t<tr>\n\t\t\t<th scope=\"row\">A<\/th>\n\t\t\t<td data-label=\"TEORIA\">30h<\/td>\n\t\t\t<td data-label=\"PRAKTYKA\">20h<\/td>\n\t\t\t<td data-label=\"CENA\">3700 z\u0142*<\/td>\n\t\t\t<td data-label=\"JAZDY DOSZKALAJ\u0104CE\">170 z\u0142<\/td>\n\t\t<\/tr>\n\t\t<tr>\n\t\t\t<th scope=\"row\">A (z A2)<\/th>\n\t\t\t<td data-label=\"TEORIA\">0h<\/td>\n\t\t\t<td data-label=\"PRAKTYKA\">10h<\/td>\n\t\t\t<td data-label=\"CENA\">2100 z\u0142*<\/td>\n\t\t\t<td data-label=\"JAZDY DOSZKALAJ\u0104CE\">-<\/td>\n\n\t\t<\/tr>\n\t\t<tr>\n\t\t\t<th scope=\"row\">A2 (z A1)<\/th>\n\t\t\t<td data-label=\"TEORIA\">0h<\/td>\n\t\t\t<td data-label=\"PRAKTYKA\">10h<\/td>\n\t\t\t<td data-label=\"CENA\">2000 z\u0142*<\/td>\n\t\t\t<td data-label=\"JAZDY DOSZKALAJ\u0104CE\">-<\/td>\n\t\t\t\t<\/tr>\n\t\t<tr>\n\t\t\t<th scope=\"row\">B + A2<\/th>\n\t\t\t<td data-label=\"TEORIA\">50h<\/td>\n\t\t\t<td data-label=\"PRAKTYKA\">50h<\/td>\n\t\t\t<td data-label=\"CENA\">6700 z\u0142*<\/td>\n\t\t\t<td data-label=\"JAZDY DOSZKALAJ\u0104CE\">-<\/td>\n<\/table>\n\n<div>\n  Cena kursu obejmuje: zaj\u0119cia teoretyczne, zaj\u0119cia praktyczne, egzamin wewn\u0119trzny teoretyczny, pierwszy egzamin wewn\u0119trzny praktyczny, materia\u0142y dydaktyczne z kodami dost\u0119pu do aktualnych test\u00f3w.\n  \n <br><br>\n * Cena nie zawiera op\u0142aty za badanie lekarskie (200 z\u0142).\n \n<\/div>\n\n<!-- All Univerity of Nebraska-Lincoln Web Framework code is the property of UComm\/ITS Digital Experience Group \nand the UNL Web Developer Network. -->\n\n<!-- place the contents of this css file, in the <head><\/head> of your html page when using \nthe responsive table generator code on sites not in UNLcms or the UNL.edu framework -->\n\n<style>\n\n\n\n:root {\n    --bg-table-stripe: #f6f6f5;\n    --b-table: #e3e3e2;\n    --caption: #242423;\n}\n\ntable {\n    background-color: transparent;\n    border-collapse:collapse;\n  \tfont-family: Arial, Helvetica, sans-serif\n}\n\nth {\n    text-align:left\n}\n\n.dcf-txt-center {\n      text-align: center!important\n    }\n\n    .dcf-txt-left {\n      text-align: left!important\n    }\n\n    .dcf-txt-right {\n      text-align: right!important\n    }\n    \n.dcf-table caption {\n      color: var(--caption);\n      font-size: 1.13em;\n      font-weight: 700;\n      padding-bottom: .56rem\n    }\n\n    .dcf-table thead {\n      font-size: .84em\n    }\n\n    .dcf-table tbody {\n      border-bottom: 1px solid var(--b-table);\n      border-top: 1px solid var(--b-table);\n      font-size: .84em\n    }\n\n    .dcf-table tfoot {\n      font-size: .84em\n    }\n\n    .dcf-table td, .dcf-table th {\n      padding-right: 1.78em\n    }\n\n    .dcf-table-bordered, .dcf-table-bordered td, .dcf-table-bordered th {\n      border: 1px solid var(--b-table)\n    }\n\n    .dcf-table-bordered td, .dcf-table-bordered th, .dcf-table-striped td, .dcf-table-striped th {\n      padding-left: 1em;\n      padding-right: 1em\n    }\n\n    .dcf-table-bordered tr:not(:last-child), .dcf-table-striped tr:not(:last-child) {\n      border-bottom: 1px solid var(--b-table)\n    }\n\n    .dcf-table-striped tbody tr:nth-of-type(2n) {\n      background-color: var(--bg-table-stripe)\n    }\n\n    .dcf-table thead td, .dcf-table thead th {\n      padding-bottom: .75em;\n      vertical-align: bottom\n    }\n\n    .dcf-table tbody td, .dcf-table tbody th, .dcf-table tfoot td, .dcf-table tfoot th {\n      padding-top: .75em;\n      vertical-align: top\n    }\n\n    .dcf-table tbody td, .dcf-table tbody th {\n      padding-bottom: .75em\n    }\n\n    .dcf-table-bordered thead th {\n      padding-top: 1.33em\n    }\n\n    .dcf-wrapper-table-scroll {\n      overflow-x: auto;\n      -webkit-overflow-scrolling: touch;\n      left: 50%;\n      margin-left: -50vw;\n      margin-right: -50vw;\n      padding-bottom: 1em;\n      position: relative;\n      right: 50%;\n      width: 100vw\n    }\n\n    @media only screen and (max-width:42.09em) {\n      .dcf-table-responsive thead {\n        clip: rect(0 0 0 0);\n        -webkit-clip-path: inset(50%);\n        clip-path: inset(50%);\n        height: 1px;\n        overflow: hidden;\n        position: absolute;\n        width: 1px;\n        white-space: nowrap\n      }\n      .dcf-table-responsive tr {\n        display: block\n      }\n      .dcf-table-responsive td {\n        -webkit-column-gap: 3.16vw;\n        -moz-column-gap: 3.16vw;\n        column-gap: 3.16vw;\n        display: grid;\n        grid-template-columns: 1fr 2fr;\n        text-align: left!important\n      }\n      .dcf-table-responsive.dcf-table-bordered, .dcf-table-responsive.dcf-table-bordered thead th {\n        border-width: 0\n      }\n      .dcf-table-responsive.dcf-table-bordered tbody td {\n        border-top-width: 0\n      }\n      .dcf-table-responsive:not(.dcf-table-bordered) tbody tr {\n        padding-bottom: .75em\n      }\n      .dcf-table-responsive:not(.dcf-table-bordered) tbody td {\n        padding-bottom: 0\n      }\n      .dcf-table-responsive:not(.dcf-table-bordered):not(.dcf-table-striped) tbody td {\n        padding-right: 0\n      }\n      .dcf-table-responsive.dcf-table-bordered tbody tr:last-child td:last-child {\n        border-bottom-width: 0\n      }\n      .dcf-table-responsive tbody td:before {\n        content: attr(data-label);\n        float: left;\n        font-weight: 700;\n        padding-right: 1.78em\n      }\n    }\n\n.dcf-overflow-x-auto {\n      overflow-x: auto!important;\n      -webkit-overflow-scrolling: touch\n    }\n    \n.dcf-w-100\\% {\n  width: 100%!important;\n\t\t}\n    \n<\/style>\n\t\t<\/div>\n\t\t\t\t<\/div>\n\t\t\t\t\t\t<\/div>\n\t\t\t<\/div>\n\t\t<\/div>\n\t\t\t\t\t\t<\/div>\n\t\t\t<\/div>\n\t\t<\/section>\n\t\t\t\t\t\t<\/div>\n\t\t\t<\/div>\n\t\t<\/div>\n\t\t","protected":false},"excerpt":{"rendered":"<p>Cennik obowi\u0105zuje od 30.03.2026r KATEGORIA TEORIA PRAKTYKA CENA JAZDY DOSZKALAJ\u0104CE B 30h 30h 3700 z\u0142* 120 z\u0142 \/ 130 z\u0142 B + E 0h 15h 2000 z\u0142* 130 z\u0142 B &#8230;<\/p>\n","protected":false},"author":1,"featured_media":0,"parent":0,"menu_order":0,"comment_status":"closed","ping_status":"closed","template":"","meta":{"footnotes":""},"_links":{"self":[{"href":"https:\/\/luz.lublin.pl\/index.php\/wp-json\/wp\/v2\/pages\/136"}],"collection":[{"href":"https:\/\/luz.lublin.pl\/index.php\/wp-json\/wp\/v2\/pages"}],"about":[{"href":"https:\/\/luz.lublin.pl\/index.php\/wp-json\/wp\/v2\/types\/page"}],"author":[{"embeddable":true,"href":"https:\/\/luz.lublin.pl\/index.php\/wp-json\/wp\/v2\/users\/1"}],"replies":[{"embeddable":true,"href":"https:\/\/luz.lublin.pl\/index.php\/wp-json\/wp\/v2\/comments?post=136"}],"version-history":[{"count":20,"href":"https:\/\/luz.lublin.pl\/index.php\/wp-json\/wp\/v2\/pages\/136\/revisions"}],"predecessor-version":[{"id":565,"href":"https:\/\/luz.lublin.pl\/index.php\/wp-json\/wp\/v2\/pages\/136\/revisions\/565"}],"wp:attachment":[{"href":"https:\/\/luz.lublin.pl\/index.php\/wp-json\/wp\/v2\/media?parent=136"}],"curies":[{"name":"wp","href":"https:\/\/api.w.org\/{rel}","templated":true}]}}