{"id":37,"date":"2019-03-30T10:58:42","date_gmt":"2019-03-30T10:58:42","guid":{"rendered":"http:\/\/luz.lublin.pl\/?page_id=37"},"modified":"2026-03-09T12:23:13","modified_gmt":"2026-03-09T12:23:13","slug":"oferta","status":"publish","type":"page","link":"https:\/\/luz.lublin.pl\/index.php\/oferta\/","title":{"rendered":"Oferta"},"content":{"rendered":"\t\t<div data-elementor-type=\"post\" data-elementor-id=\"37\" class=\"elementor elementor-37\" data-elementor-settings=\"[]\">\n\t\t\t<div class=\"elementor-inner\">\n\t\t\t\t<div class=\"elementor-section-wrap\">\n\t\t\t\t\t\t\t<section class=\"elementor-element elementor-element-7330730 elementor-section-boxed elementor-section-height-default elementor-section-height-default elementor-section elementor-top-section\" data-id=\"7330730\" data-element_type=\"section\">\n\t\t\t\t\t\t<div class=\"elementor-container elementor-column-gap-default\">\n\t\t\t\t<div class=\"elementor-row\">\n\t\t\t\t<div class=\"elementor-element elementor-element-06ec022 elementor-column elementor-col-100 elementor-top-column\" data-id=\"06ec022\" data-element_type=\"column\">\n\t\t\t<div class=\"elementor-column-wrap  elementor-element-populated\">\n\t\t\t\t\t<div class=\"elementor-widget-wrap\">\n\t\t\t\t<div class=\"elementor-element elementor-element-3c62b49 elementor-widget elementor-widget-text-editor\" data-id=\"3c62b49\" data-element_type=\"widget\" data-widget_type=\"text-editor.default\">\n\t\t\t\t<div class=\"elementor-widget-container\">\n\t\t\t\t\t<div class=\"elementor-text-editor elementor-clearfix\"><p><style type=\"text\/css\">\np.p1 {margin: 0.0px 0.0px 8.0px 0.0px; font: 11.0px 'Trebuchet MS'; color: #000000; -webkit-text-stroke: #000000}<br \/>span.s1 {font-kerning: none}<br \/><\/style><\/p><h3 class=\"p1\"><span class=\"s1\">Kurs mo\u017cesz rozpocz\u0105\u0107 3 miesi\u0105ce przed 17-stk\u0105.<\/span><\/h3><\/div>\n\t\t\t\t<\/div>\n\t\t\t\t<\/div>\n\t\t\t\t\t\t<\/div>\n\t\t\t<\/div>\n\t\t<\/div>\n\t\t\t\t\t\t<\/div>\n\t\t\t<\/div>\n\t\t<\/section>\n\t\t\t\t<section class=\"elementor-element elementor-element-97c142d elementor-section-boxed elementor-section-height-default elementor-section-height-default elementor-section elementor-top-section\" data-id=\"97c142d\" data-element_type=\"section\">\n\t\t\t\t\t\t<div class=\"elementor-container elementor-column-gap-default\">\n\t\t\t\t<div class=\"elementor-row\">\n\t\t\t\t<div class=\"elementor-element elementor-element-01272ee elementor-column elementor-col-100 elementor-top-column\" data-id=\"01272ee\" data-element_type=\"column\">\n\t\t\t<div class=\"elementor-column-wrap\">\n\t\t\t\t\t<div class=\"elementor-widget-wrap\">\n\t\t\t\t\t\t<\/div>\n\t\t\t<\/div>\n\t\t<\/div>\n\t\t\t\t\t\t<\/div>\n\t\t\t<\/div>\n\t\t<\/section>\n\t\t\t\t<section class=\"elementor-element elementor-element-5e703be elementor-section-boxed elementor-section-height-default elementor-section-height-default elementor-section elementor-top-section\" data-id=\"5e703be\" data-element_type=\"section\">\n\t\t\t\t\t\t<div class=\"elementor-container elementor-column-gap-default\">\n\t\t\t\t<div class=\"elementor-row\">\n\t\t\t\t<div class=\"elementor-element elementor-element-af933dc elementor-column elementor-col-100 elementor-top-column\" data-id=\"af933dc\" data-element_type=\"column\">\n\t\t\t<div class=\"elementor-column-wrap  elementor-element-populated\">\n\t\t\t\t\t<div class=\"elementor-widget-wrap\">\n\t\t\t\t<section class=\"elementor-element elementor-element-d3c0044 elementor-section-boxed elementor-section-height-default elementor-section-height-default elementor-section elementor-inner-section\" data-id=\"d3c0044\" data-element_type=\"section\">\n\t\t\t\t\t\t<div class=\"elementor-container elementor-column-gap-default\">\n\t\t\t\t<div class=\"elementor-row\">\n\t\t\t\t<div class=\"elementor-element elementor-element-26c7b27 elementor-column elementor-col-50 elementor-inner-column\" data-id=\"26c7b27\" data-element_type=\"column\">\n\t\t\t<div class=\"elementor-column-wrap  elementor-element-populated\">\n\t\t\t\t\t<div class=\"elementor-widget-wrap\">\n\t\t\t\t<div class=\"elementor-element elementor-element-752db48 elementor-widget elementor-widget-image\" data-id=\"752db48\" data-element_type=\"widget\" data-widget_type=\"image.default\">\n\t\t\t\t<div class=\"elementor-widget-container\">\n\t\t\t\t\t<div class=\"elementor-image\">\n\t\t\t\t\t\t\t\t\t\t<img loading=\"lazy\" decoding=\"async\" width=\"800\" height=\"597\" src=\"https:\/\/luz.lublin.pl\/wp-content\/uploads\/2019\/04\/received_236318360644026-2-e1554121726542-1024x764.jpeg\" class=\"attachment-large size-large\" alt=\"\" srcset=\"https:\/\/luz.lublin.pl\/wp-content\/uploads\/2019\/04\/received_236318360644026-2-e1554121726542-1024x764.jpeg 1024w, https:\/\/luz.lublin.pl\/wp-content\/uploads\/2019\/04\/received_236318360644026-2-e1554121726542-300x224.jpeg 300w, https:\/\/luz.lublin.pl\/wp-content\/uploads\/2019\/04\/received_236318360644026-2-e1554121726542-768x573.jpeg 768w\" sizes=\"(max-width: 800px) 100vw, 800px\" \/>\t\t\t\t\t\t\t\t\t\t\t<\/div>\n\t\t\t\t<\/div>\n\t\t\t\t<\/div>\n\t\t\t\t\t\t<\/div>\n\t\t\t<\/div>\n\t\t<\/div>\n\t\t\t\t<div class=\"elementor-element elementor-element-aff1b88 elementor-column elementor-col-50 elementor-inner-column\" data-id=\"aff1b88\" data-element_type=\"column\">\n\t\t\t<div class=\"elementor-column-wrap  elementor-element-populated\">\n\t\t\t\t\t<div class=\"elementor-widget-wrap\">\n\t\t\t\t<div class=\"elementor-element elementor-element-be0b7f1 elementor-widget elementor-widget-text-editor\" data-id=\"be0b7f1\" data-element_type=\"widget\" data-widget_type=\"text-editor.default\">\n\t\t\t\t<div class=\"elementor-widget-container\">\n\t\t\t\t\t<div class=\"elementor-text-editor elementor-clearfix\"><h3 class=\"p1\"><span class=\"s1\">Kategoria B<\/span><\/h3><ul><li class=\"p1\"><span class=\"s1\">30 godzin zaj\u0119\u0107 teoretycznych\/ mo\u017cliwo\u015b\u0107 odbycia wyk\u0142ad\u00f3w online (kurs eksternistyczny)<br \/><\/span><\/li><li class=\"p1\"><span class=\"s1\">30 godzin zaj\u0119\u0107 praktycznych<\/span><\/li><li class=\"p1\"><span class=\"s1\">1 godzina jazdy \u2013 pierwszy egzamin wewn\u0119trzny praktyczny \u2013 GRATIS<\/span><\/li><li class=\"p1\"><span class=\"s1\">Materia\u0142y dydaktyczne + p\u0142yta CD z testami GRATIS<\/span><\/li><li class=\"p1\"><span class=\"s1\">Nowe samochody do nauki jazdy IDENTYCZNE jak na egzaminie HYUNDAI i20<\/span><\/li><\/ul><\/div>\n\t\t\t\t<\/div>\n\t\t\t\t<\/div>\n\t\t\t\t\t\t<\/div>\n\t\t\t<\/div>\n\t\t<\/div>\n\t\t\t\t\t\t<\/div>\n\t\t\t<\/div>\n\t\t<\/section>\n\t\t\t\t\t\t<\/div>\n\t\t\t<\/div>\n\t\t<\/div>\n\t\t\t\t\t\t<\/div>\n\t\t\t<\/div>\n\t\t<\/section>\n\t\t\t\t<section class=\"elementor-element elementor-element-668827b elementor-section-boxed elementor-section-height-default elementor-section-height-default elementor-section elementor-top-section\" data-id=\"668827b\" data-element_type=\"section\">\n\t\t\t\t\t\t<div class=\"elementor-container elementor-column-gap-default\">\n\t\t\t\t<div class=\"elementor-row\">\n\t\t\t\t<div class=\"elementor-element elementor-element-8894c23 elementor-column elementor-col-50 elementor-top-column\" data-id=\"8894c23\" data-element_type=\"column\">\n\t\t\t<div class=\"elementor-column-wrap  elementor-element-populated\">\n\t\t\t\t\t<div class=\"elementor-widget-wrap\">\n\t\t\t\t<div class=\"elementor-element elementor-element-4dce2e3 elementor-widget elementor-widget-image\" data-id=\"4dce2e3\" data-element_type=\"widget\" data-widget_type=\"image.default\">\n\t\t\t\t<div class=\"elementor-widget-container\">\n\t\t\t\t\t<div class=\"elementor-image\">\n\t\t\t\t\t\t\t\t\t\t<img loading=\"lazy\" decoding=\"async\" width=\"800\" height=\"679\" src=\"https:\/\/luz.lublin.pl\/wp-content\/uploads\/2023\/02\/Screenshot-2023-02-15-at-19.40.57.png\" class=\"attachment-large size-large\" alt=\"\" srcset=\"https:\/\/luz.lublin.pl\/wp-content\/uploads\/2023\/02\/Screenshot-2023-02-15-at-19.40.57.png 1008w, https:\/\/luz.lublin.pl\/wp-content\/uploads\/2023\/02\/Screenshot-2023-02-15-at-19.40.57-300x255.png 300w, https:\/\/luz.lublin.pl\/wp-content\/uploads\/2023\/02\/Screenshot-2023-02-15-at-19.40.57-768x652.png 768w\" sizes=\"(max-width: 800px) 100vw, 800px\" \/>\t\t\t\t\t\t\t\t\t\t\t<\/div>\n\t\t\t\t<\/div>\n\t\t\t\t<\/div>\n\t\t\t\t\t\t<\/div>\n\t\t\t<\/div>\n\t\t<\/div>\n\t\t\t\t<div class=\"elementor-element elementor-element-30f09e3 elementor-column elementor-col-50 elementor-top-column\" data-id=\"30f09e3\" data-element_type=\"column\">\n\t\t\t<div class=\"elementor-column-wrap  elementor-element-populated\">\n\t\t\t\t\t<div class=\"elementor-widget-wrap\">\n\t\t\t\t<div class=\"elementor-element elementor-element-02c74c5 elementor-widget elementor-widget-text-editor\" data-id=\"02c74c5\" data-element_type=\"widget\" data-widget_type=\"text-editor.default\">\n\t\t\t\t<div class=\"elementor-widget-container\">\n\t\t\t\t\t<div class=\"elementor-text-editor elementor-clearfix\"><h3 class=\"p1\"><span class=\"s1\">Kategoria B + E<\/span><\/h3><ul><li class=\"p1\"><span class=\"s1\">15 godzin praktycznych<\/span><\/li><li><span class=\"s1\">1 godzina jazdy \u2013 pierwszy egzamin wewn\u0119trzny praktyczny \u2013 GRATIS<\/span><\/li><\/ul><\/div>\n\t\t\t\t<\/div>\n\t\t\t\t<\/div>\n\t\t\t\t\t\t<\/div>\n\t\t\t<\/div>\n\t\t<\/div>\n\t\t\t\t\t\t<\/div>\n\t\t\t<\/div>\n\t\t<\/section>\n\t\t\t\t<section class=\"elementor-element elementor-element-1a5dd89 elementor-section-boxed elementor-section-height-default elementor-section-height-default elementor-section elementor-top-section\" data-id=\"1a5dd89\" data-element_type=\"section\">\n\t\t\t\t\t\t<div class=\"elementor-container elementor-column-gap-default\">\n\t\t\t\t<div class=\"elementor-row\">\n\t\t\t\t<div class=\"elementor-element elementor-element-c6588c1 elementor-column elementor-col-100 elementor-top-column\" data-id=\"c6588c1\" data-element_type=\"column\">\n\t\t\t<div class=\"elementor-column-wrap  elementor-element-populated\">\n\t\t\t\t\t<div class=\"elementor-widget-wrap\">\n\t\t\t\t<section class=\"elementor-element elementor-element-d1471f1 elementor-section-boxed elementor-section-height-default elementor-section-height-default elementor-section elementor-inner-section\" data-id=\"d1471f1\" data-element_type=\"section\">\n\t\t\t\t\t\t<div class=\"elementor-container elementor-column-gap-default\">\n\t\t\t\t<div class=\"elementor-row\">\n\t\t\t\t<div class=\"elementor-element elementor-element-ec6e101 elementor-column elementor-col-50 elementor-inner-column\" data-id=\"ec6e101\" data-element_type=\"column\">\n\t\t\t<div class=\"elementor-column-wrap  elementor-element-populated\">\n\t\t\t\t\t<div class=\"elementor-widget-wrap\">\n\t\t\t\t<div class=\"elementor-element elementor-element-7261b59 elementor-widget elementor-widget-image\" data-id=\"7261b59\" data-element_type=\"widget\" data-widget_type=\"image.default\">\n\t\t\t\t<div class=\"elementor-widget-container\">\n\t\t\t\t\t<div class=\"elementor-image\">\n\t\t\t\t\t\t\t\t\t\t<img loading=\"lazy\" decoding=\"async\" width=\"800\" height=\"600\" src=\"https:\/\/luz.lublin.pl\/wp-content\/uploads\/2019\/03\/romet.jpg\" class=\"attachment-large size-large\" alt=\"\" srcset=\"https:\/\/luz.lublin.pl\/wp-content\/uploads\/2019\/03\/romet.jpg 960w, https:\/\/luz.lublin.pl\/wp-content\/uploads\/2019\/03\/romet-300x225.jpg 300w, https:\/\/luz.lublin.pl\/wp-content\/uploads\/2019\/03\/romet-768x576.jpg 768w\" sizes=\"(max-width: 800px) 100vw, 800px\" \/>\t\t\t\t\t\t\t\t\t\t\t<\/div>\n\t\t\t\t<\/div>\n\t\t\t\t<\/div>\n\t\t\t\t\t\t<\/div>\n\t\t\t<\/div>\n\t\t<\/div>\n\t\t\t\t<div class=\"elementor-element elementor-element-b256971 elementor-column elementor-col-50 elementor-inner-column\" data-id=\"b256971\" data-element_type=\"column\">\n\t\t\t<div class=\"elementor-column-wrap  elementor-element-populated\">\n\t\t\t\t\t<div class=\"elementor-widget-wrap\">\n\t\t\t\t<div class=\"elementor-element elementor-element-01f434f elementor-widget elementor-widget-text-editor\" data-id=\"01f434f\" data-element_type=\"widget\" data-widget_type=\"text-editor.default\">\n\t\t\t\t<div class=\"elementor-widget-container\">\n\t\t\t\t\t<div class=\"elementor-text-editor elementor-clearfix\"><h3 class=\"p1\"><span class=\"s1\">Kategoria AM<\/span><\/h3><ul><li class=\"p1\"><span class=\"s1\">20 godzin teoretycznych<\/span><\/li><li class=\"p1\"><span class=\"s1\">15 godzin praktycznych<\/span><\/li><li class=\"p1\"><span class=\"s1\">1 godzina jazdy &#8211; pierwszy egzamin wewn\u0119trzny praktyczny \u2013 GRATIS<\/span><\/li><li class=\"p1\"><span class=\"s1\">Materia\u0142y dydaktyczne + p\u0142yta CD z testami GRATIS<\/span><\/li><li class=\"p1\"><span class=\"s1\">Motorower taki jak na egzaminie \u2013 ROMET ZK-50<\/span><\/li><\/ul><\/div>\n\t\t\t\t<\/div>\n\t\t\t\t<\/div>\n\t\t\t\t\t\t<\/div>\n\t\t\t<\/div>\n\t\t<\/div>\n\t\t\t\t\t\t<\/div>\n\t\t\t<\/div>\n\t\t<\/section>\n\t\t\t\t\t\t<\/div>\n\t\t\t<\/div>\n\t\t<\/div>\n\t\t\t\t\t\t<\/div>\n\t\t\t<\/div>\n\t\t<\/section>\n\t\t\t\t<section class=\"elementor-element elementor-element-289b249 elementor-section-boxed elementor-section-height-default elementor-section-height-default elementor-section elementor-top-section\" data-id=\"289b249\" data-element_type=\"section\">\n\t\t\t\t\t\t<div class=\"elementor-container elementor-column-gap-default\">\n\t\t\t\t<div class=\"elementor-row\">\n\t\t\t\t<div class=\"elementor-element elementor-element-2e998f9 elementor-column elementor-col-100 elementor-top-column\" data-id=\"2e998f9\" data-element_type=\"column\">\n\t\t\t<div class=\"elementor-column-wrap  elementor-element-populated\">\n\t\t\t\t\t<div class=\"elementor-widget-wrap\">\n\t\t\t\t<section class=\"elementor-element elementor-element-e410640 elementor-section-boxed elementor-section-height-default elementor-section-height-default elementor-section elementor-inner-section\" data-id=\"e410640\" data-element_type=\"section\">\n\t\t\t\t\t\t<div class=\"elementor-container elementor-column-gap-default\">\n\t\t\t\t<div class=\"elementor-row\">\n\t\t\t\t<div class=\"elementor-element elementor-element-1f10596 elementor-column elementor-col-50 elementor-inner-column\" data-id=\"1f10596\" data-element_type=\"column\">\n\t\t\t<div class=\"elementor-column-wrap  elementor-element-populated\">\n\t\t\t\t\t<div class=\"elementor-widget-wrap\">\n\t\t\t\t<div class=\"elementor-element elementor-element-399cf16 elementor-widget elementor-widget-image\" data-id=\"399cf16\" data-element_type=\"widget\" data-widget_type=\"image.default\">\n\t\t\t\t<div class=\"elementor-widget-container\">\n\t\t\t\t\t<div class=\"elementor-image\">\n\t\t\t\t\t\t\t\t\t\t<img loading=\"lazy\" decoding=\"async\" width=\"480\" height=\"360\" src=\"https:\/\/luz.lublin.pl\/wp-content\/uploads\/2019\/03\/honda.jpg\" class=\"attachment-large size-large\" alt=\"\" srcset=\"https:\/\/luz.lublin.pl\/wp-content\/uploads\/2019\/03\/honda.jpg 480w, https:\/\/luz.lublin.pl\/wp-content\/uploads\/2019\/03\/honda-300x225.jpg 300w\" sizes=\"(max-width: 480px) 100vw, 480px\" \/>\t\t\t\t\t\t\t\t\t\t\t<\/div>\n\t\t\t\t<\/div>\n\t\t\t\t<\/div>\n\t\t\t\t\t\t<\/div>\n\t\t\t<\/div>\n\t\t<\/div>\n\t\t\t\t<div class=\"elementor-element elementor-element-cb0c766 elementor-column elementor-col-50 elementor-inner-column\" data-id=\"cb0c766\" data-element_type=\"column\">\n\t\t\t<div class=\"elementor-column-wrap  elementor-element-populated\">\n\t\t\t\t\t<div class=\"elementor-widget-wrap\">\n\t\t\t\t<div class=\"elementor-element elementor-element-b26f7a4 elementor-widget elementor-widget-text-editor\" data-id=\"b26f7a4\" data-element_type=\"widget\" data-widget_type=\"text-editor.default\">\n\t\t\t\t<div class=\"elementor-widget-container\">\n\t\t\t\t\t<div class=\"elementor-text-editor elementor-clearfix\"><h3 class=\"p1\"><span class=\"s1\">Kategoria A1<\/span><\/h3><ul><li class=\"p1\"><span class=\"s1\">Kurs na motocykl do 125 cm3<\/span><\/li><li class=\"p1\"><span class=\"s1\">30 godzin zaj\u0119\u0107 teoretycznych<\/span><\/li><li class=\"p1\"><span class=\"s1\">20 godzin zaj\u0119\u0107 praktycznych<\/span><\/li><li class=\"p1\"><span class=\"s1\">1 godzina jazdy \u2013 pierwszy egzamin wewn\u0119trzny praktyczny \u2013 GRATIS<\/span><\/li><li class=\"p1\"><span class=\"s1\">Materia\u0142y dydaktyczne + p\u0142yta CD z testami GRATIS<\/span><\/li><li class=\"p1\"><span class=\"s1\">Motocykl taki jak na egzaminie HONDA CBF 125<\/span><\/li><\/ul><\/div>\n\t\t\t\t<\/div>\n\t\t\t\t<\/div>\n\t\t\t\t\t\t<\/div>\n\t\t\t<\/div>\n\t\t<\/div>\n\t\t\t\t\t\t<\/div>\n\t\t\t<\/div>\n\t\t<\/section>\n\t\t\t\t\t\t<\/div>\n\t\t\t<\/div>\n\t\t<\/div>\n\t\t\t\t\t\t<\/div>\n\t\t\t<\/div>\n\t\t<\/section>\n\t\t\t\t<section class=\"elementor-element elementor-element-21249d7 elementor-section-boxed elementor-section-height-default elementor-section-height-default elementor-section elementor-top-section\" data-id=\"21249d7\" data-element_type=\"section\">\n\t\t\t\t\t\t<div class=\"elementor-container elementor-column-gap-default\">\n\t\t\t\t<div class=\"elementor-row\">\n\t\t\t\t<div class=\"elementor-element elementor-element-23f237d elementor-column elementor-col-100 elementor-top-column\" data-id=\"23f237d\" data-element_type=\"column\">\n\t\t\t<div class=\"elementor-column-wrap  elementor-element-populated\">\n\t\t\t\t\t<div class=\"elementor-widget-wrap\">\n\t\t\t\t<section class=\"elementor-element elementor-element-0f0440f elementor-section-boxed elementor-section-height-default elementor-section-height-default elementor-section elementor-inner-section\" data-id=\"0f0440f\" data-element_type=\"section\">\n\t\t\t\t\t\t<div class=\"elementor-container elementor-column-gap-default\">\n\t\t\t\t<div class=\"elementor-row\">\n\t\t\t\t<div class=\"elementor-element elementor-element-3146159 elementor-column elementor-col-50 elementor-inner-column\" data-id=\"3146159\" data-element_type=\"column\">\n\t\t\t<div class=\"elementor-column-wrap  elementor-element-populated\">\n\t\t\t\t\t<div class=\"elementor-widget-wrap\">\n\t\t\t\t<div class=\"elementor-element elementor-element-542e4d2 elementor-widget elementor-widget-image\" data-id=\"542e4d2\" data-element_type=\"widget\" data-widget_type=\"image.default\">\n\t\t\t\t<div class=\"elementor-widget-container\">\n\t\t\t\t\t<div class=\"elementor-image\">\n\t\t\t\t\t\t\t\t\t\t<img loading=\"lazy\" decoding=\"async\" width=\"300\" height=\"225\" src=\"https:\/\/luz.lublin.pl\/wp-content\/uploads\/2019\/03\/suzuki_gladius.jpg\" class=\"attachment-large size-large\" alt=\"\" \/>\t\t\t\t\t\t\t\t\t\t\t<\/div>\n\t\t\t\t<\/div>\n\t\t\t\t<\/div>\n\t\t\t\t\t\t<\/div>\n\t\t\t<\/div>\n\t\t<\/div>\n\t\t\t\t<div class=\"elementor-element elementor-element-7270049 elementor-column elementor-col-50 elementor-inner-column\" data-id=\"7270049\" data-element_type=\"column\">\n\t\t\t<div class=\"elementor-column-wrap  elementor-element-populated\">\n\t\t\t\t\t<div class=\"elementor-widget-wrap\">\n\t\t\t\t<div class=\"elementor-element elementor-element-8628462 elementor-widget elementor-widget-text-editor\" data-id=\"8628462\" data-element_type=\"widget\" data-widget_type=\"text-editor.default\">\n\t\t\t\t<div class=\"elementor-widget-container\">\n\t\t\t\t\t<div class=\"elementor-text-editor elementor-clearfix\"><h3 class=\"p1\"><span class=\"s1\">Kategoria A2<\/span><\/h3><ul><li class=\"p1\"><span class=\"s1\">Kurs na motocykl do 35kW<\/span><\/li><li class=\"p1\"><span class=\"s1\">30 godzin zaj\u0119\u0107 teoretycznych<\/span><\/li><li class=\"p1\"><span class=\"s1\">20 godzin zaj\u0119\u0107 praktycznych<\/span><\/li><li class=\"p1\"><span class=\"s1\">1 godzina jazdy \u2013 pierwszy egzamin wewn\u0119trzny praktyczny \u2013 GRATIS<\/span><\/li><li class=\"p1\"><span class=\"s1\">Materia\u0142y dydaktyczne + p\u0142yta CD z testami GRATIS<\/span><\/li><li class=\"p1\"><span class=\"s1\">Motocykl taki sam jak na egzaminie SUZUKI GLADIUS 650 , 35kW<\/span><\/li><\/ul><\/div>\n\t\t\t\t<\/div>\n\t\t\t\t<\/div>\n\t\t\t\t\t\t<\/div>\n\t\t\t<\/div>\n\t\t<\/div>\n\t\t\t\t\t\t<\/div>\n\t\t\t<\/div>\n\t\t<\/section>\n\t\t\t\t\t\t<\/div>\n\t\t\t<\/div>\n\t\t<\/div>\n\t\t\t\t\t\t<\/div>\n\t\t\t<\/div>\n\t\t<\/section>\n\t\t\t\t<section class=\"elementor-element elementor-element-c1c42dc elementor-section-boxed elementor-section-height-default elementor-section-height-default elementor-section elementor-top-section\" data-id=\"c1c42dc\" data-element_type=\"section\">\n\t\t\t\t\t\t<div class=\"elementor-container elementor-column-gap-default\">\n\t\t\t\t<div class=\"elementor-row\">\n\t\t\t\t<div class=\"elementor-element elementor-element-23385a8 elementor-column elementor-col-100 elementor-top-column\" data-id=\"23385a8\" data-element_type=\"column\">\n\t\t\t<div class=\"elementor-column-wrap  elementor-element-populated\">\n\t\t\t\t\t<div class=\"elementor-widget-wrap\">\n\t\t\t\t<section class=\"elementor-element elementor-element-cfe2d79 elementor-section-boxed elementor-section-height-default elementor-section-height-default elementor-section elementor-inner-section\" data-id=\"cfe2d79\" data-element_type=\"section\">\n\t\t\t\t\t\t<div class=\"elementor-container elementor-column-gap-default\">\n\t\t\t\t<div class=\"elementor-row\">\n\t\t\t\t<div class=\"elementor-element elementor-element-1955531 elementor-column elementor-col-50 elementor-inner-column\" data-id=\"1955531\" data-element_type=\"column\">\n\t\t\t<div class=\"elementor-column-wrap  elementor-element-populated\">\n\t\t\t\t\t<div class=\"elementor-widget-wrap\">\n\t\t\t\t<div class=\"elementor-element elementor-element-bb7e01f elementor-widget elementor-widget-image\" data-id=\"bb7e01f\" data-element_type=\"widget\" data-widget_type=\"image.default\">\n\t\t\t\t<div class=\"elementor-widget-container\">\n\t\t\t\t\t<div class=\"elementor-image\">\n\t\t\t\t\t\t\t\t\t\t<img loading=\"lazy\" decoding=\"async\" width=\"300\" height=\"225\" src=\"https:\/\/luz.lublin.pl\/wp-content\/uploads\/2019\/03\/suzuki_gladius.jpg\" class=\"attachment-large size-large\" alt=\"\" \/>\t\t\t\t\t\t\t\t\t\t\t<\/div>\n\t\t\t\t<\/div>\n\t\t\t\t<\/div>\n\t\t\t\t\t\t<\/div>\n\t\t\t<\/div>\n\t\t<\/div>\n\t\t\t\t<div class=\"elementor-element elementor-element-3502afc elementor-column elementor-col-50 elementor-inner-column\" data-id=\"3502afc\" data-element_type=\"column\">\n\t\t\t<div class=\"elementor-column-wrap  elementor-element-populated\">\n\t\t\t\t\t<div class=\"elementor-widget-wrap\">\n\t\t\t\t<div class=\"elementor-element elementor-element-0081b99 elementor-widget elementor-widget-text-editor\" data-id=\"0081b99\" data-element_type=\"widget\" data-widget_type=\"text-editor.default\">\n\t\t\t\t<div class=\"elementor-widget-container\">\n\t\t\t\t\t<div class=\"elementor-text-editor elementor-clearfix\"><h3 class=\"p1\"><span class=\"s1\">Kategoria A<\/span><\/h3><ul><li class=\"p1\"><span class=\"s1\">Kurs na ka\u017cdy motocykl<\/span><\/li><li class=\"p1\"><span class=\"s1\">30 godzin zaj\u0119\u0107 teoretycznych<\/span><\/li><li class=\"p1\"><span class=\"s1\">20 godzin zaj\u0119\u0107 praktycznych<\/span><\/li><li class=\"p1\"><span class=\"s1\">1 godzina jazdy \u2013 pierwszy egzamin wewn\u0119trzny praktyczny \u2013 GRATIS<\/span><\/li><li class=\"p1\"><span class=\"s1\">Materia\u0142y dydaktyczne + p\u0142yta CD z testami GRATIS<\/span><\/li><li class=\"p1\"><span class=\"s1\">Kurs prawa jazdy Kat A mo\u017cesz rozpocz\u0105\u0107, gdy posiadasz prawo jazdy w Kat A2 co najmniej od 2 lat lub po uko\u0144czeniu 24 roku \u017cycia.<br \/><\/span><\/li><\/ul><\/div>\n\t\t\t\t<\/div>\n\t\t\t\t<\/div>\n\t\t\t\t\t\t<\/div>\n\t\t\t<\/div>\n\t\t<\/div>\n\t\t\t\t\t\t<\/div>\n\t\t\t<\/div>\n\t\t<\/section>\n\t\t\t\t\t\t<\/div>\n\t\t\t<\/div>\n\t\t<\/div>\n\t\t\t\t\t\t<\/div>\n\t\t\t<\/div>\n\t\t<\/section>\n\t\t\t\t<section class=\"elementor-element elementor-element-cb9a145 elementor-section-boxed elementor-section-height-default elementor-section-height-default elementor-section elementor-top-section\" data-id=\"cb9a145\" data-element_type=\"section\">\n\t\t\t\t\t\t<div class=\"elementor-container elementor-column-gap-default\">\n\t\t\t\t<div class=\"elementor-row\">\n\t\t\t\t<div class=\"elementor-element elementor-element-a8aca8c elementor-column elementor-col-100 elementor-top-column\" data-id=\"a8aca8c\" data-element_type=\"column\">\n\t\t\t<div class=\"elementor-column-wrap  elementor-element-populated\">\n\t\t\t\t\t<div class=\"elementor-widget-wrap\">\n\t\t\t\t<div class=\"elementor-element elementor-element-d9a0da0 elementor-widget elementor-widget-text-editor\" data-id=\"d9a0da0\" data-element_type=\"widget\" data-widget_type=\"text-editor.default\">\n\t\t\t\t<div class=\"elementor-widget-container\">\n\t\t\t\t\t<div class=\"elementor-text-editor elementor-clearfix\"><h3 class=\"p1\"><span class=\"s1\">Jak to zrobi\u0107 ?<\/span><\/h3><ol class=\"ol1\"><li class=\"li1\"><span class=\"s1\">Rozpoczynasz od bada\u0144 lekarskich. Badania zrobisz w naszym o\u015brodku bez konieczno\u015bci chodzenia po przychodniach.<\/span><\/li><li class=\"li1\"><span class=\"s1\">W wydziale komunikacji przynale\u017cnym do miejsca zameldowania generujesz PKK &#8211;<span class=\"Apple-converted-space\">\u00a0 <\/span>Profil Kandydata na Kierowc\u0119 ( Urz\u0105d ma na to 2 dni robocze).<\/span><\/li><li class=\"li1\"><span class=\"s1\">Z numerem PKK zg\u0142aszasz si\u0119 do naszego o\u015brodka i rozpoczynasz wyk\u0142ady ( 30 godzin lekcyjnych).<\/span><\/li><li class=\"li1\"><span class=\"s1\">Po wyk\u0142adach przychodzi czas na jazdy ( 30 godzin zegarowych).<\/span><\/li><li class=\"li1\"><span class=\"s1\">Po uko\u0144czeniu kursu zdajesz egzamin wewn\u0119trzny<span class=\"Apple-converted-space\">\u00a0 <\/span>teoretyczny i praktyczny.<\/span><\/li><li class=\"li1\"><span class=\"s1\">Otrzymujesz komplet dokument\u00f3w i zapisujesz si\u0119 na Egzamin Pa\u0144stwowy.<\/span><\/li><li class=\"li1\"><span class=\"s1\">Zdajesz egzamin i odbierasz prawko.<\/span><\/li><li class=\"li1\"><span class=\"s1\">Cieszysz si\u0119 jazd\u0105 ! <\/span><span class=\"s2\"><img decoding=\"async\" class=\"emoji\" draggable=\"false\" src=\"https:\/\/s.w.org\/images\/core\/emoji\/11.2.0\/svg\/1f60a.svg\" alt=\"\ud83d\ude0a\" \/><\/span><\/li><\/ol><\/div>\n\t\t\t\t<\/div>\n\t\t\t\t<\/div>\n\t\t\t\t\t\t<\/div>\n\t\t\t<\/div>\n\t\t<\/div>\n\t\t\t\t\t\t<\/div>\n\t\t\t<\/div>\n\t\t<\/section>\n\t\t\t\t\t\t<\/div>\n\t\t\t<\/div>\n\t\t<\/div>\n\t\t","protected":false},"excerpt":{"rendered":"<p>Kurs mo\u017cesz rozpocz\u0105\u0107 3 miesi\u0105ce przed 17-stk\u0105. Kategoria B 30 godzin zaj\u0119\u0107 teoretycznych\/ mo\u017cliwo\u015b\u0107 odbycia wyk\u0142ad\u00f3w online (kurs eksternistyczny) 30 godzin zaj\u0119\u0107 praktycznych 1 godzina jazdy \u2013 pierwszy egzamin wewn\u0119trzny &#8230;<\/p>\n","protected":false},"author":1,"featured_media":0,"parent":0,"menu_order":0,"comment_status":"closed","ping_status":"closed","template":"","meta":{"footnotes":""},"_links":{"self":[{"href":"https:\/\/luz.lublin.pl\/index.php\/wp-json\/wp\/v2\/pages\/37"}],"collection":[{"href":"https:\/\/luz.lublin.pl\/index.php\/wp-json\/wp\/v2\/pages"}],"about":[{"href":"https:\/\/luz.lublin.pl\/index.php\/wp-json\/wp\/v2\/types\/page"}],"author":[{"embeddable":true,"href":"https:\/\/luz.lublin.pl\/index.php\/wp-json\/wp\/v2\/users\/1"}],"replies":[{"embeddable":true,"href":"https:\/\/luz.lublin.pl\/index.php\/wp-json\/wp\/v2\/comments?post=37"}],"version-history":[{"count":13,"href":"https:\/\/luz.lublin.pl\/index.php\/wp-json\/wp\/v2\/pages\/37\/revisions"}],"predecessor-version":[{"id":559,"href":"https:\/\/luz.lublin.pl\/index.php\/wp-json\/wp\/v2\/pages\/37\/revisions\/559"}],"wp:attachment":[{"href":"https:\/\/luz.lublin.pl\/index.php\/wp-json\/wp\/v2\/media?parent=37"}],"curies":[{"name":"wp","href":"https:\/\/api.w.org\/{rel}","templated":true}]}}